{"id":1078,"date":"2022-01-25T20:05:28","date_gmt":"2022-01-25T19:05:28","guid":{"rendered":"http:\/\/rb.musin.de\/wordpress\/?page_id=1078"},"modified":"2024-07-03T13:49:16","modified_gmt":"2024-07-03T11:49:16","slug":"impressum-datenschutz","status":"publish","type":"page","link":"http:\/\/rb.musin.de\/wordpress\/impressum-datenschutz\/","title":{"rendered":"Datenschutz"},"content":{"rendered":"\t\t<div data-elementor-type=\"wp-page\" data-elementor-id=\"1078\" class=\"elementor elementor-1078\">\n\t\t\t\t<div class=\"elementor-element elementor-element-efc0acb e-flex e-con-boxed e-con e-parent\" data-id=\"efc0acb\" data-element_type=\"container\" data-e-type=\"container\">\n\t\t\t\t\t<div class=\"e-con-inner\">\n\t\t\t\t<div class=\"elementor-element elementor-element-165942f5 elementor-widget elementor-widget-text-editor\" data-id=\"165942f5\" data-element_type=\"widget\" data-e-type=\"widget\" data-widget_type=\"text-editor.default\">\n\t\t\t\t<div class=\"elementor-widget-container\">\n\t\t\t\t\t\t\t\t\t<p><\/p>\n<section class=\"elementor-section elementor-top-section elementor-element elementor-element-aef3901 elementor-section-boxed elementor-section-height-default elementor-section-height-default\" data-id=\"aef3901\" data-element_type=\"section\">\n<div class=\"elementor-container elementor-column-gap-default\">\n<div class=\"elementor-column elementor-col-100 elementor-top-column elementor-element elementor-element-f436aee\" data-id=\"f436aee\" data-element_type=\"column\">\n<div class=\"elementor-widget-wrap elementor-element-populated\">\n<div class=\"elementor-element elementor-element-b714faa elementor-widget elementor-widget-heading\" data-id=\"b714faa\" data-element_type=\"widget\" data-widget_type=\"heading.default\">\n<div class=\"elementor-widget-container\">\n<h2 class=\"elementor-heading-title elementor-size-default wp-block-heading\">\u00a0A) Allgemeine Informationen<\/h2>\n<\/div>\n<\/div>\n<\/div>\n<\/div>\n<\/div>\n<\/section>\n<section class=\"elementor-section elementor-top-section elementor-element elementor-element-4a00d17 elementor-section-boxed elementor-section-height-default elementor-section-height-default\" data-id=\"4a00d17\" data-element_type=\"section\">\n<div class=\"elementor-container elementor-column-gap-default\">\n<div class=\"elementor-column elementor-col-50 elementor-top-column elementor-element elementor-element-9047f7d\" data-id=\"9047f7d\" data-element_type=\"column\">\n<div class=\"elementor-widget-wrap elementor-element-populated\">\n<div class=\"elementor-element elementor-element-0d12852 elementor-widget elementor-widget-text-editor\" data-id=\"0d12852\" data-element_type=\"widget\" data-widget_type=\"text-editor.default\">\n<div class=\"elementor-widget-container\">\n<p>\u00a0<\/p>\n<p><strong>Name und Kontaktdaten des Verantwortlichen<\/strong><\/p>\n<p>\u00a0<\/p>\n<p>Landeshauptstadt M\u00fcnchen<br \/>Realschule an der Blutenburg<\/p>\n<p>\u00a0<\/p>\n<p>Grandlstra\u00dfe 5<br \/>81247 M\u00fcnchen<\/p>\n<p>\u00a0<\/p>\n<p>Telefon: 089 8638939-0<br \/>E-Mail: rainer.wohlfarth@muenchen.de<\/p>\n<p>\u00a0<\/p>\n<p><strong>Kontaktdaten des Datenschutzbeauftragten<\/strong><\/p>\n<p>\u00a0<\/p>\n<p>Michael Jackel<\/p>\n<p>\u00a0<\/p>\n<p>Realschule an der Blutenburg<br \/>Grandlstra\u00dfe 5<br \/>81247 M\u00fcnchen<\/p>\n<p>\u00a0<\/p>\n<p>Telefon: 089 8638939-0<br \/>E-Mail: michael.jackel@muenchen.de<\/p>\n<\/div>\n<\/div>\n<p>\u00a0<\/p>\n<\/div>\n<\/div>\n<\/div>\n<\/section>\n<p><\/p>\t\t\t\t\t\t\t\t<\/div>\n\t\t\t\t<\/div>\n\t\t\t\t<div class=\"elementor-element elementor-element-6e06ea9 elementor-widget__width-initial elementor-widget elementor-widget-image\" data-id=\"6e06ea9\" data-element_type=\"widget\" data-e-type=\"widget\" data-widget_type=\"image.default\">\n\t\t\t\t<div class=\"elementor-widget-container\">\n\t\t\t\t\t\t\t\t\t\t\t\t\t\t\t<img fetchpriority=\"high\" decoding=\"async\" width=\"225\" height=\"300\" src=\"http:\/\/rb.musin.de\/wordpress\/wp-content\/uploads\/2024\/06\/Cookie-monster-Kopie-225x300.jpeg\" class=\"attachment-medium size-medium wp-image-2188\" alt=\"\" srcset=\"http:\/\/rb.musin.de\/wordpress\/wp-content\/uploads\/2024\/06\/Cookie-monster-Kopie-225x300.jpeg 225w, http:\/\/rb.musin.de\/wordpress\/wp-content\/uploads\/2024\/06\/Cookie-monster-Kopie-600x800.jpeg 600w, http:\/\/rb.musin.de\/wordpress\/wp-content\/uploads\/2024\/06\/Cookie-monster-Kopie.jpeg 768w\" sizes=\"(max-width: 225px) 100vw, 225px\" \/>\t\t\t\t\t\t\t\t\t\t\t\t\t\t\t<\/div>\n\t\t\t\t<\/div>\n\t\t\t\t<div class=\"elementor-element elementor-element-f88d334 elementor-widget elementor-widget-text-editor\" data-id=\"f88d334\" data-element_type=\"widget\" data-e-type=\"widget\" data-widget_type=\"text-editor.default\">\n\t\t\t\t<div class=\"elementor-widget-container\">\n\t\t\t\t\t\t\t\t\t<section class=\"elementor-section elementor-top-section elementor-element elementor-element-aef3901 elementor-section-boxed elementor-section-height-default elementor-section-height-default\" data-id=\"aef3901\" data-element_type=\"section\">\n<div class=\"elementor-container elementor-column-gap-default\">\n<div class=\"elementor-column elementor-col-100 elementor-top-column elementor-element elementor-element-f436aee\" data-id=\"f436aee\" data-element_type=\"column\">\n<div class=\"elementor-widget-wrap elementor-element-populated\">\n<div class=\"elementor-element elementor-element-b714faa elementor-widget elementor-widget-heading\" data-id=\"b714faa\" data-element_type=\"widget\" data-widget_type=\"heading.default\">\n<div class=\"elementor-widget-container\">\n<h2 class=\"elementor-heading-title elementor-size-default\"><strong style=\"color: inherit; font-family: inherit; letter-spacing: -0.02em;\">Zwecke und Rechtsgrundlagen f\u00fcr die Verarbeitung Ihrer Daten<\/strong><\/h2>\n<\/div>\n<\/div>\n<\/div>\n<\/div>\n<\/div>\n<\/section>\n<section class=\"elementor-section elementor-top-section elementor-element elementor-element-4a00d17 elementor-section-boxed elementor-section-height-default elementor-section-height-default\" data-id=\"4a00d17\" data-element_type=\"section\">\n<div class=\"elementor-container elementor-column-gap-default\">\n<div class=\"elementor-column elementor-col-50 elementor-top-column elementor-element elementor-element-9047f7d\" data-id=\"9047f7d\" data-element_type=\"column\">\n<div class=\"elementor-widget-wrap elementor-element-populated\">\n<div class=\"elementor-element elementor-element-0d12852 elementor-widget elementor-widget-text-editor\" data-id=\"0d12852\" data-element_type=\"widget\" data-widget_type=\"text-editor.default\">\n<div class=\"elementor-widget-container\">\n<p>\u00a0<\/p>\n<p>Wir verarbeiten personenbezogene Daten zur Erf\u00fcllung des Bildungs- und Erziehungsauftrags, den das Bayerische Gesetz \u00fcber das Erziehungs- und Unterrichtswesen (BayEUG) den Schulen zuweist.<\/p>\n<p>\u00a0<\/p>\n<p>Die Rechtsgrundlage f\u00fcr die Verarbeitung Ihrer Daten ergibt sich, soweit im Folgenden nichts anderes angegeben ist, aus Art. 85 des Bayerischen Erziehungs- und Unterrichtsgesetztes (BayEUG) in Verbindung mit Art. 6 Abs. 1 UAbs. 1 Buchstabe e der Datenschutzgrundverordnung (DSGVO).<\/p>\n<p>\u00a0<\/p>\n<p>Demnach ist es uns erlaubt, die zur Erf\u00fcllung der schulischen Aufgaben erforderlichen Daten zu verarbeiten.<\/p>\n<p>\u00a0<\/p>\n<p>Empf\u00e4nger von personenbezogenen Daten<\/p>\n<p>\u00a0<\/p>\n<p>Der technische Betrieb unserer Datenverarbeitungssysteme erfolgt grunds\u00e4tzlich durch<\/p>\n<p>\u00a0<\/p>\n<p>LHM Services GmbH<br \/>Gesch\u00e4ftsstelle IT<br \/>Sapporobogen 6- 8<br \/>80637 M\u00fcnchen<\/p>\n<p>\u00a0<\/p>\n<p>Email:\u00a0<a href=\"mailto:info@lhm-services.de\">info@lhm-services.de<\/a><\/p>\n<p>\u00a0<\/p>\n<h2><strong>\u00a0In unserem Auftrag.<\/strong><\/h2>\n<p>\u00a0<\/p>\n<p>F\u00fcr einzelne Verfahren setzen wir weitere Auftragsverarbeiter ein.<\/p>\n<p>\u00a0<\/p>\n<p>Auf Anforderung werden Ihre Daten an die zust\u00e4ndigen Aufsichts- und Rechnungspr\u00fcfungsbeh\u00f6rden zur Wahrnehmung der jeweiligen Kontrollrechte \u00fcbermittelt.<\/p>\n<p>\u00a0<\/p>\n<p>Dauer der Speicherung der personenbezogenen Daten<\/p>\n<p>\u00a0<\/p>\n<p>Ihre Daten werden nur so lange gespeichert, wie dies unter Beachtung gesetzlicher Aufbewahrungsfristen zur Aufgabenerf\u00fcllung erforderlich ist.<\/p>\n<\/div>\n<\/div>\n<\/div>\n<\/div>\n<\/div>\n<\/section>\t\t\t\t\t\t\t\t<\/div>\n\t\t\t\t<\/div>\n\t\t\t\t\t<\/div>\n\t\t\t\t<\/div>\n\t\t<div class=\"elementor-element elementor-element-f6e3425 e-flex e-con-boxed e-con e-parent\" data-id=\"f6e3425\" data-element_type=\"container\" data-e-type=\"container\">\n\t\t\t\t\t<div class=\"e-con-inner\">\n\t\t\t\t<div class=\"elementor-element elementor-element-36903c0 elementor-widget elementor-widget-image\" data-id=\"36903c0\" data-element_type=\"widget\" data-e-type=\"widget\" data-widget_type=\"image.default\">\n\t\t\t\t<div class=\"elementor-widget-container\">\n\t\t\t\t\t\t\t\t\t\t\t\t\t\t\t<img decoding=\"async\" width=\"1024\" height=\"684\" src=\"http:\/\/rb.musin.de\/wordpress\/wp-content\/uploads\/2024\/06\/fna5pazqhmm-1024x684.jpg\" class=\"attachment-large size-large wp-image-2145\" alt=\"a golden padlock sitting on top of a keyboard\" srcset=\"http:\/\/rb.musin.de\/wordpress\/wp-content\/uploads\/2024\/06\/fna5pazqhmm-1024x684.jpg 1024w, http:\/\/rb.musin.de\/wordpress\/wp-content\/uploads\/2024\/06\/fna5pazqhmm-300x200.jpg 300w, http:\/\/rb.musin.de\/wordpress\/wp-content\/uploads\/2024\/06\/fna5pazqhmm-768x513.jpg 768w, http:\/\/rb.musin.de\/wordpress\/wp-content\/uploads\/2024\/06\/fna5pazqhmm-1536x1025.jpg 1536w, http:\/\/rb.musin.de\/wordpress\/wp-content\/uploads\/2024\/06\/fna5pazqhmm-600x401.jpg 600w, http:\/\/rb.musin.de\/wordpress\/wp-content\/uploads\/2024\/06\/fna5pazqhmm.jpg 1600w\" sizes=\"(max-width: 1024px) 100vw, 1024px\" \/>\t\t\t\t\t\t\t\t\t\t\t\t\t\t\t<\/div>\n\t\t\t\t<\/div>\n\t\t\t\t\t<\/div>\n\t\t\t\t<\/div>\n\t\t<div class=\"elementor-element elementor-element-81507d8 e-flex e-con-boxed e-con e-parent\" data-id=\"81507d8\" data-element_type=\"container\" data-e-type=\"container\">\n\t\t\t\t\t<div class=\"e-con-inner\">\n\t\t\t\t<div class=\"elementor-element elementor-element-7deef89 elementor-widget elementor-widget-text-editor\" data-id=\"7deef89\" data-element_type=\"widget\" data-e-type=\"widget\" data-widget_type=\"text-editor.default\">\n\t\t\t\t<div class=\"elementor-widget-container\">\n\t\t\t\t\t\t\t\t\t<h2>Ihre Rechte<\/h2>\n<p>\u00a0<\/p>\n<p>Als Betroffener einer Datenverarbeitung haben Sie die folgenden Rechte:<\/p>\n<p>\u00a0<\/p>\n<p>\u00a0<\/p>\n<ul>\n<li>\n<p>Sie haben das Recht auf Auskunft \u00fcber die zu Ihrer Person gespeicherten Daten (Art. 15 DSGVO).<\/p>\n<\/li>\n<\/ul>\n<p>\u00a0<\/p>\n<ul>\n<li>\n<p>Sollten unrichtige personenbezogene Daten verarbeitet werden, steht Ihnen ein Recht auf Berichtigung zu (Art. 16 DSGVO).<\/p>\n<\/li>\n<\/ul>\n<p>\u00a0<\/p>\n<ul>\n<li>\n<p>Liegen die gesetzlichen Voraussetzungen vor, so k\u00f6nnen Sie die L\u00f6schung oder Einschr\u00e4nkung der Verarbeitung verlangen (Art. 17 und 18 DSGVO).<\/p>\n<\/li>\n<\/ul>\n<p>\u00a0<\/p>\n<ul>\n<li>\n<p>Wenn Sie in die Datenverarbeitung eingewilligt haben oder ein Vertrag zur Datenverarbeitung besteht und die Datenverarbeitung mithilfe automatisierter Verfahren durchgef\u00fchrt wird, steht Ihnen gegebenenfalls ein Recht auf Daten\u00fcbertragbarkeit zu (Art. 20 DSGVO).<\/p>\n<\/li>\n<\/ul>\n<p>\u00a0<\/p>\n<ul>\n<li>\n<p>Falls Sie in die Verarbeitung eingewilligt haben und die Verarbeitung auf dieser Einwilligung beruht, k\u00f6nnen Sie die Einwilligung jederzeit f\u00fcr die Zukunft widerrufen. Die Rechtm\u00e4\u00dfigkeit der aufgrund der Einwilligung bis zum Widerruf erfolgten Datenverarbeitung wird durch diesen nicht ber\u00fchrt.<\/p>\n<\/li>\n<\/ul>\n<p>\u00a0<\/p>\n<p>\u00a0<\/p>\t\t\t\t\t\t\t\t<\/div>\n\t\t\t\t<\/div>\n\t\t\t\t\t<\/div>\n\t\t\t\t<\/div>\n\t\t<div class=\"elementor-element elementor-element-dfad35d e-flex e-con-boxed e-con e-parent\" data-id=\"dfad35d\" data-element_type=\"container\" data-e-type=\"container\">\n\t\t\t\t\t<div class=\"e-con-inner\">\n\t\t\t\t<div class=\"elementor-element elementor-element-8084e57 elementor-widget elementor-widget-image\" data-id=\"8084e57\" data-element_type=\"widget\" data-e-type=\"widget\" data-widget_type=\"image.default\">\n\t\t\t\t<div class=\"elementor-widget-container\">\n\t\t\t\t\t\t\t\t\t\t\t\t\t\t\t<img decoding=\"async\" width=\"1024\" height=\"691\" src=\"http:\/\/rb.musin.de\/wordpress\/wp-content\/uploads\/2024\/06\/cxlqhmqy3my-1024x691.jpg\" class=\"attachment-large size-large wp-image-2113\" alt=\"person holding black iphone 5\" srcset=\"http:\/\/rb.musin.de\/wordpress\/wp-content\/uploads\/2024\/06\/cxlqhmqy3my-1024x691.jpg 1024w, http:\/\/rb.musin.de\/wordpress\/wp-content\/uploads\/2024\/06\/cxlqhmqy3my-300x202.jpg 300w, http:\/\/rb.musin.de\/wordpress\/wp-content\/uploads\/2024\/06\/cxlqhmqy3my-768x518.jpg 768w, http:\/\/rb.musin.de\/wordpress\/wp-content\/uploads\/2024\/06\/cxlqhmqy3my-1536x1036.jpg 1536w, http:\/\/rb.musin.de\/wordpress\/wp-content\/uploads\/2024\/06\/cxlqhmqy3my-600x405.jpg 600w, http:\/\/rb.musin.de\/wordpress\/wp-content\/uploads\/2024\/06\/cxlqhmqy3my.jpg 1600w\" sizes=\"(max-width: 1024px) 100vw, 1024px\" \/>\t\t\t\t\t\t\t\t\t\t\t\t\t\t\t<\/div>\n\t\t\t\t<\/div>\n\t\t\t\t\t<\/div>\n\t\t\t\t<\/div>\n\t\t<div class=\"elementor-element elementor-element-f8c91fa e-flex e-con-boxed e-con e-parent\" data-id=\"f8c91fa\" data-element_type=\"container\" data-e-type=\"container\">\n\t\t\t\t\t<div class=\"e-con-inner\">\n\t\t\t\t<div class=\"elementor-element elementor-element-c251bc1 elementor-widget elementor-widget-text-editor\" data-id=\"c251bc1\" data-element_type=\"widget\" data-e-type=\"widget\" data-widget_type=\"text-editor.default\">\n\t\t\t\t<div class=\"elementor-widget-container\">\n\t\t\t\t\t\t\t\t\t<p>Sie haben das Recht, aus Gr\u00fcnden, die sich aus Ihrer besonderen Situation ergeben, jederzeit gegen die Verarbeitung Ihrer Daten\u00a0<strong>Widerspruch<\/strong>\u00a0einzulegen, wenn die Verarbeitung auf Grundlage des Art. 6 Abs. 1 UAbs. 1 Buchst. e DSGVO erfolgt (Art. 21 Abs. 1 Satz 1 DSGVO).<\/p>\n<p>\u00a0<\/p>\n<p>Beschwerderecht bei der Aufsichtsbeh\u00f6rde<\/p>\n<p>\u00a0<\/p>\n<p>Unabh\u00e4ngig davon besteht ein Beschwerderecht beim Bayerischen Landesbeauftragten f\u00fcr den Datenschutz, den Sie unter folgenden Kontaktdaten erreichen:<\/p>\n<p>\u00a0<\/p>\n<p>Postanschrift: Postfach 22 12 19, 80502 M\u00fcnchen<br \/>Adresse: Wagm\u00fcllerstra\u00dfe 18, 80538 M\u00fcnchen<br \/>Telefon: 089 212672-0<br \/>Telefax: 089 212672-50<\/p>\n<p>\u00a0<\/p>\n<p>E-Mail:\u00a0<a href=\"mailto:poststelle@datenschutz-bayern.de\">poststelle@datenschutz-bayern.de<\/a><br \/>Internet:\u00a0<a href=\"https:\/\/www.datenschutz-bayern.de\/\">https:\/\/www.datenschutz-bayern.de\/<\/a>\u00a0<\/p>\n<p>\u00a0<\/p>\n<h2>Weitere Informationen<\/h2>\n<p>\u00a0<\/p>\n<p>F\u00fcr n\u00e4here Informationen zur Verarbeitung Ihrer Daten und zu Ihren Rechten k\u00f6nnen Sie uns unter den oben\u00a0<\/p>\n<p>genannten Kontaktdaten erreichen.<\/p>\n<p>\u00a0<\/p>\n<p>\u00a0<\/p>\t\t\t\t\t\t\t\t<\/div>\n\t\t\t\t<\/div>\n\t\t\t\t\t<\/div>\n\t\t\t\t<\/div>\t\t<\/div>\n\t\t","protected":false},"excerpt":{"rendered":"<p>\u00a0A) Allgemeine Informationen \u00a0 Name und Kontaktdaten des Verantwortlichen \u00a0 Landeshauptstadt M\u00fcnchenRealschule an der Blutenburg \u00a0 Grandlstra\u00dfe 581247 M\u00fcnchen \u00a0 Telefon: 089 8638939-0E-Mail: rainer.wohlfarth@muenchen.de \u00a0 Kontaktdaten des Datenschutzbeauftragten \u00a0 Michael Jackel \u00a0 Realschule an der BlutenburgGrandlstra\u00dfe 581247 M\u00fcnchen \u00a0 Telefon: 089 8638939-0E-Mail: michael.jackel@muenchen.de \u00a0 Zwecke und Rechtsgrundlagen f\u00fcr die Verarbeitung Ihrer Daten \u00a0 Wir verarbeiten&hellip;<\/p>\n","protected":false},"author":1,"featured_media":0,"parent":0,"menu_order":0,"comment_status":"closed","ping_status":"closed","template":"","meta":{"footnotes":""},"class_list":["post-1078","page","type-page","status-publish","hentry"],"_links":{"self":[{"href":"http:\/\/rb.musin.de\/wordpress\/wp-json\/wp\/v2\/pages\/1078","targetHints":{"allow":["GET"]}}],"collection":[{"href":"http:\/\/rb.musin.de\/wordpress\/wp-json\/wp\/v2\/pages"}],"about":[{"href":"http:\/\/rb.musin.de\/wordpress\/wp-json\/wp\/v2\/types\/page"}],"author":[{"embeddable":true,"href":"http:\/\/rb.musin.de\/wordpress\/wp-json\/wp\/v2\/users\/1"}],"replies":[{"embeddable":true,"href":"http:\/\/rb.musin.de\/wordpress\/wp-json\/wp\/v2\/comments?post=1078"}],"version-history":[{"count":32,"href":"http:\/\/rb.musin.de\/wordpress\/wp-json\/wp\/v2\/pages\/1078\/revisions"}],"predecessor-version":[{"id":2219,"href":"http:\/\/rb.musin.de\/wordpress\/wp-json\/wp\/v2\/pages\/1078\/revisions\/2219"}],"wp:attachment":[{"href":"http:\/\/rb.musin.de\/wordpress\/wp-json\/wp\/v2\/media?parent=1078"}],"curies":[{"name":"wp","href":"https:\/\/api.w.org\/{rel}","templated":true}]}}